{"id":34064,"date":"2024-12-09T11:06:13","date_gmt":"2024-12-09T11:06:13","guid":{"rendered":"https:\/\/platvorm.karjaariklubi.eu\/refund_returns-3\/uncategorized\/t-u-m-e-d-a-d-l-i-l-l-e-d\/"},"modified":"2025-02-17T12:35:25","modified_gmt":"2025-02-17T12:35:25","slug":"tumedad-lilled","status":"publish","type":"product","link":"https:\/\/platvorm.karjaariklubi.eu\/et\/shop\/tumedad-lilled\/","title":{"rendered":"Tumedad lilled"},"content":{"rendered":"<p><span style=\"font-weight: 400;\">LUMM wear kerged ja \u00fclinaiselikud retuusid on kui kevadine ood meie imelistele jalgadele: pikkadele ja l\u00fchikestele, saledatele ja vormikatele, sihvakatele ja tugevatele. Paitame t\u00e4nulikkusega oma armsaid jalgu, mis suudavad kergusega k\u00f5ndida vapralt k\u00f5rgetel kontsadel ja libiseda h\u00e4\u00e4letult pehmetes sussides. \u00dclistame ja kiidame neid imelisi jalgu, mis kannavad meid l\u00e4bi elu just sinna kuhu intuitsioon kutsub, astuvad sitkelt matkarajal, liigutavad meie keha ennastunustavalt tantsup\u00f5randal ja on s\u00fcgavaks \u00fchenduseks meie ja emakese maa vahel. Hoiame hellalt neid armsaid jalakesi, mis hullutavad ja p\u00fc\u00fcavad pilke samal ajal hoides meid m\u00f5nusalt tasakaalus.<\/span><\/p>\n<p><span style=\"font-weight: 400;\">Vali oma kallitele jalgadele toetavaim pai meie oman\u00e4olisest retuusivalikust!<\/span><\/p>\n<p><span style=\"font-weight: 400;\">Materjal: 100% pol\u00fcester<\/span><span style=\"font-weight: 400;\"><br \/>\n<\/span><span style=\"font-weight: 400;\"><br \/>\n<\/span><span style=\"font-weight: 400;\">Retuuside tarneaeg kuni 14 p\u00e4eva.<\/span><\/p>","protected":false},"excerpt":{"rendered":"<p>LUMM Wear&#8217;s lightweight and ultra-feminine leggings are like a springtime ode to our wonderful legs: long and short, slim and curvy, graceful and strong. Let us cherish our beloved legs with gratitude, for they can gracefully walk in high heels and silently glide in soft slippers. We celebrate and honor these amazing legs that carry us through life, wherever our intuition calls, stepping boldly on hiking trails, moving our bodies effortlessly on the dance floor, and forming a deep connection between us and Mother Earth. Let us gently care for these dear legs that captivate and catch eyes while keeping us beautifully balanced. Choose the most supportive touch for your beloved legs from our unique leggings collection! Material: 100% Polyester Delivery time: Up to 14 days.<\/p>","protected":false},"featured_media":34837,"comment_status":"closed","ping_status":"closed","template":"","meta":[],"product_brand":[],"product_cat":[248],"product_tag":[],"class_list":{"0":"post-34064","1":"product","2":"type-product","3":"status-publish","4":"has-post-thumbnail","6":"product_cat-leggings-and-tops","8":"first","9":"instock","10":"sold-individually","11":"purchasable","12":"product-type-simple"},"_links":{"self":[{"href":"https:\/\/platvorm.karjaariklubi.eu\/et\/wp-json\/wp\/v2\/product\/34064","targetHints":{"allow":["GET"]}}],"collection":[{"href":"https:\/\/platvorm.karjaariklubi.eu\/et\/wp-json\/wp\/v2\/product"}],"about":[{"href":"https:\/\/platvorm.karjaariklubi.eu\/et\/wp-json\/wp\/v2\/types\/product"}],"replies":[{"embeddable":true,"href":"https:\/\/platvorm.karjaariklubi.eu\/et\/wp-json\/wp\/v2\/comments?post=34064"}],"version-history":[{"count":4,"href":"https:\/\/platvorm.karjaariklubi.eu\/et\/wp-json\/wp\/v2\/product\/34064\/revisions"}],"predecessor-version":[{"id":35026,"href":"https:\/\/platvorm.karjaariklubi.eu\/et\/wp-json\/wp\/v2\/product\/34064\/revisions\/35026"}],"wp:featuredmedia":[{"embeddable":true,"href":"https:\/\/platvorm.karjaariklubi.eu\/et\/wp-json\/wp\/v2\/media\/34837"}],"wp:attachment":[{"href":"https:\/\/platvorm.karjaariklubi.eu\/et\/wp-json\/wp\/v2\/media?parent=34064"}],"wp:term":[{"taxonomy":"product_brand","embeddable":true,"href":"https:\/\/platvorm.karjaariklubi.eu\/et\/wp-json\/wp\/v2\/product_brand?post=34064"},{"taxonomy":"product_cat","embeddable":true,"href":"https:\/\/platvorm.karjaariklubi.eu\/et\/wp-json\/wp\/v2\/product_cat?post=34064"},{"taxonomy":"product_tag","embeddable":true,"href":"https:\/\/platvorm.karjaariklubi.eu\/et\/wp-json\/wp\/v2\/product_tag?post=34064"}],"curies":[{"name":"wp","href":"https:\/\/api.w.org\/{rel}","templated":true}]}}