{"id":34300,"date":"2024-12-09T11:10:26","date_gmt":"2024-12-09T11:10:26","guid":{"rendered":"https:\/\/platvorm.karjaariklubi.eu\/refund_returns-3\/uncategorized\/s-i-n-i-s-e-j-a-l-i-l-l-a-g-a-t-o-p-p-5\/"},"modified":"2025-02-17T12:24:05","modified_gmt":"2025-02-17T12:24:05","slug":"sinise-ja-lillaga-topp","status":"publish","type":"product","link":"https:\/\/platvorm.karjaariklubi.eu\/et\/shop\/sinise-ja-lillaga-topp\/","title":{"rendered":"Sinise ja lillaga topp"},"content":{"rendered":"<p><span style=\"font-weight: 400;\">Meie \u00fcdini lustlik ja vallatu retuuside kollektsioon on m\u00e4rku andnud, et soovib enda k\u00f5rvale kaaslasi, kellega koos veelgi v\u00e4gevamalt pilke p\u00fc\u00fcda.<\/span><\/p>\n<p><span style=\"font-weight: 400;\">Ja nii s\u00fcndisid LUMM wear tootevaliku uusimad staarid, kerged ja kaunid, \u00fclimugava l\u00f5ikega helgetes v\u00e4rvitoonides topid! Keha paitavast materjalist naiselik topp on tulnud, et s\u00e4rada  koos teiste r\u00f5ivaesemetega ja pakkuda jahedamal ajal meie kehadele m\u00f5nusasti sooja toetust ka teiste riiete all kandes.<\/span><\/p>\n<p><span style=\"font-weight: 400;\">Pisikese kuid enesekindlana teab topp t\u00e4pselt oma v\u00e4\u00e4rtust ning seda, kui palju kaunid kandjad saavad l\u00e4bi tema kogeda veel rohkem r\u00f5\u00f5mu, hoitust ja inspiratsiooni!<\/span><\/p>\n<p><span style=\"font-weight: 400;\">Topi tulek lisab veelgi v\u00e4rvi, v\u00fcrtsi ja v\u00f5imalusi LUMM wear r\u00f5ivaste omavahel komplektideks s\u00e4ttimisel ning kingib seel\u00e4bi muusadele veelgi enam viise r\u00f5hutada oma naiselikku isikup\u00e4ra ja unikaalsust.<\/span><\/p>\n<p><b>Materjal:<\/b><span style=\"font-weight: 400;\"> 100% pol\u00fcester<\/span><span style=\"font-weight: 400;\"><br \/>\n<\/span><b>Toppide tarneaeg:<\/b><span style=\"font-weight: 400;\"> kuni 14 p\u00e4eva.<\/span><\/p>","protected":false},"excerpt":{"rendered":"<p>Our utterly playful and flirty leggings collection has hinted that it desires companions to make an even bolder impression together. And so, the newest stars of the LUMM Wear collection were born \u2013 light and beautiful tops with ultra-comfortable cuts in bright and cheerful tones! Made from a fabric that lovingly caresses the body, these feminine tops are here to shine alongside other garments and provide cozy warmth during cooler times, even when layered under other clothes. Small but confident, the top knows its worth and how much joy, comfort, and inspiration it can bring to its beautiful wearers! The arrival of the top adds even more color, spice, and possibilities for mixing and matching LUMM Wear pieces, offering muses countless ways to highlight their feminine individuality and uniqueness. Material: 100% Polyester Delivery time: Up to 14 days.<\/p>","protected":false},"featured_media":34722,"comment_status":"closed","ping_status":"closed","template":"","meta":[],"product_brand":[],"product_cat":[248],"product_tag":[],"class_list":{"0":"post-34300","1":"product","2":"type-product","3":"status-publish","4":"has-post-thumbnail","6":"product_cat-leggings-and-tops","8":"first","9":"instock","10":"sold-individually","11":"purchasable","12":"product-type-simple"},"_links":{"self":[{"href":"https:\/\/platvorm.karjaariklubi.eu\/et\/wp-json\/wp\/v2\/product\/34300","targetHints":{"allow":["GET"]}}],"collection":[{"href":"https:\/\/platvorm.karjaariklubi.eu\/et\/wp-json\/wp\/v2\/product"}],"about":[{"href":"https:\/\/platvorm.karjaariklubi.eu\/et\/wp-json\/wp\/v2\/types\/product"}],"replies":[{"embeddable":true,"href":"https:\/\/platvorm.karjaariklubi.eu\/et\/wp-json\/wp\/v2\/comments?post=34300"}],"version-history":[{"count":3,"href":"https:\/\/platvorm.karjaariklubi.eu\/et\/wp-json\/wp\/v2\/product\/34300\/revisions"}],"predecessor-version":[{"id":35013,"href":"https:\/\/platvorm.karjaariklubi.eu\/et\/wp-json\/wp\/v2\/product\/34300\/revisions\/35013"}],"wp:featuredmedia":[{"embeddable":true,"href":"https:\/\/platvorm.karjaariklubi.eu\/et\/wp-json\/wp\/v2\/media\/34722"}],"wp:attachment":[{"href":"https:\/\/platvorm.karjaariklubi.eu\/et\/wp-json\/wp\/v2\/media?parent=34300"}],"wp:term":[{"taxonomy":"product_brand","embeddable":true,"href":"https:\/\/platvorm.karjaariklubi.eu\/et\/wp-json\/wp\/v2\/product_brand?post=34300"},{"taxonomy":"product_cat","embeddable":true,"href":"https:\/\/platvorm.karjaariklubi.eu\/et\/wp-json\/wp\/v2\/product_cat?post=34300"},{"taxonomy":"product_tag","embeddable":true,"href":"https:\/\/platvorm.karjaariklubi.eu\/et\/wp-json\/wp\/v2\/product_tag?post=34300"}],"curies":[{"name":"wp","href":"https:\/\/api.w.org\/{rel}","templated":true}]}}