{"id":34304,"date":"2024-12-09T11:10:26","date_gmt":"2024-12-09T11:10:26","guid":{"rendered":"https:\/\/platvorm.karjaariklubi.eu\/refund_returns-3\/uncategorized\/d-a-n-c-e-r-s-a-t-s-i-h-o-l-s-t\/"},"modified":"2025-02-17T12:12:34","modified_gmt":"2025-02-17T12:12:34","slug":"dancer-satsiholst","status":"publish","type":"product","link":"https:\/\/platvorm.karjaariklubi.eu\/et\/shop\/dancer-satsiholst\/","title":{"rendered":"Dancer satsih\u00f5lst"},"content":{"rendered":"<p><b>LUMM Wear maagilised h\u00f5lstid<\/b><\/p>\n<p><span style=\"font-weight: 400;\">LUMM wear maagilised h\u00f5lstid on universaalsed ja loodud v\u00e4lja tooma iga naise isikup\u00e4ra. \u00d5huliselt h\u00f5ljuv h\u00f5lst sobib kandmiseks nii eraldi kleidina kui p\u00f5neva lisandina lemmikriiete peal. See mugav ja lendlev riideese toetab ja v\u00f5imendab samal ajal nii kandja naiselikku v\u00e4ge ja \u00f5rnust kui ka tema tugevust ja karakterit.<\/span><\/p>\n<p><span style=\"font-weight: 400;\">H\u00f5lst on tulnud toetama Sind, armas naine, just sellena kes Sa hetkel oled. Kui oled parimas \u00fchenduses oma v\u00e4ega, lehvib h\u00f5lst uhkelt ja v\u00e4gevalt v\u00f5imendades v\u00e4gevust, mida v\u00e4lja kiirgad. Kui oled kohas, kus valid hoida end pigem pehmelt kasvamises, aitab h\u00f5lst luua turvalise kaitsekihi, milles saad kergusega m\u00f5nuleda.<\/span><\/p>\n<p><span style=\"font-weight: 400;\">Tootel on m\u00f5nusad taskud Sinu armsate k\u00e4te ja oluliste asjade jaoks.<\/span><\/p>\n<p><span style=\"font-weight: 400;\">Vali endale p\u00e4ris oma h\u00f5ljuv h\u00f5lst LUMM wear valikust!<\/span><\/p>\n<p><b>Universaalne suurus<\/b><span style=\"font-weight: 400;\"> sobides S\/L<\/span><\/p>\n<p><b>M\u00f5\u00f5dud: <\/b><b><br \/>\n<\/b><span style=\"font-weight: 400;\">\u00dcldpikkus: 130 cm<\/span><span style=\"font-weight: 400;\"><br \/>\n<\/span><span style=\"font-weight: 400;\">Rinna\u00fcmberm\u00f5\u00f5t: 100 cm<\/span><\/p>\n<p><b>Materjal:<\/b><span style=\"font-weight: 400;\"> 100% kunstkiud<\/span><\/p>\n<p><b>Hooldus:<\/b><span style=\"font-weight: 400;\"> 30 C \u00f5rn masinpesu<\/span><\/p>","protected":false},"excerpt":{"rendered":"<p>LUMM Wear\u2019s Magical Robes LUMM Wear\u2019s magical robes are versatile and designed to highlight every woman\u2019s individuality. This airy, flowing robe can be worn as a standalone dress or as an intriguing addition over your favorite outfits. Comfortable and ethereal, this garment simultaneously supports and enhances the wearer\u2019s feminine power and delicacy, as well as her strength and character. The robe is here to support you, dear woman, exactly as you are in this moment. When you are deeply connected to your power, the robe flows proudly and magnificently, amplifying the strength you radiate. When you find yourself in a space where you choose to grow gently, the robe creates a safe and comforting layer where you can relax with ease. The design features cozy pockets for your cherished hands and essential items. Choose your very own flowing robe from the LUMM Wear collection! Universal Size: Fits S\/L Measurements: Total length: 130 cm Bust circumference: 100 cm Material: 100% Synthetic Fiber Care: Gentle machine wash at 30\u00b0C<\/p>","protected":false},"featured_media":33987,"comment_status":"closed","ping_status":"closed","template":"","meta":[],"product_brand":[],"product_cat":[245],"product_tag":[],"class_list":{"0":"post-34304","1":"product","2":"type-product","3":"status-publish","4":"has-post-thumbnail","6":"product_cat-long-sleeves","8":"first","9":"instock","10":"sale","11":"sold-individually","12":"purchasable","13":"product-type-simple"},"_links":{"self":[{"href":"https:\/\/platvorm.karjaariklubi.eu\/et\/wp-json\/wp\/v2\/product\/34304","targetHints":{"allow":["GET"]}}],"collection":[{"href":"https:\/\/platvorm.karjaariklubi.eu\/et\/wp-json\/wp\/v2\/product"}],"about":[{"href":"https:\/\/platvorm.karjaariklubi.eu\/et\/wp-json\/wp\/v2\/types\/product"}],"replies":[{"embeddable":true,"href":"https:\/\/platvorm.karjaariklubi.eu\/et\/wp-json\/wp\/v2\/comments?post=34304"}],"version-history":[{"count":4,"href":"https:\/\/platvorm.karjaariklubi.eu\/et\/wp-json\/wp\/v2\/product\/34304\/revisions"}],"predecessor-version":[{"id":35006,"href":"https:\/\/platvorm.karjaariklubi.eu\/et\/wp-json\/wp\/v2\/product\/34304\/revisions\/35006"}],"wp:featuredmedia":[{"embeddable":true,"href":"https:\/\/platvorm.karjaariklubi.eu\/et\/wp-json\/wp\/v2\/media\/33987"}],"wp:attachment":[{"href":"https:\/\/platvorm.karjaariklubi.eu\/et\/wp-json\/wp\/v2\/media?parent=34304"}],"wp:term":[{"taxonomy":"product_brand","embeddable":true,"href":"https:\/\/platvorm.karjaariklubi.eu\/et\/wp-json\/wp\/v2\/product_brand?post=34304"},{"taxonomy":"product_cat","embeddable":true,"href":"https:\/\/platvorm.karjaariklubi.eu\/et\/wp-json\/wp\/v2\/product_cat?post=34304"},{"taxonomy":"product_tag","embeddable":true,"href":"https:\/\/platvorm.karjaariklubi.eu\/et\/wp-json\/wp\/v2\/product_tag?post=34304"}],"curies":[{"name":"wp","href":"https:\/\/api.w.org\/{rel}","templated":true}]}}