{"id":34360,"date":"2024-12-09T11:11:18","date_gmt":"2024-12-09T11:11:18","guid":{"rendered":"https:\/\/platvorm.karjaariklubi.eu\/refund_returns-3\/uncategorized\/k-o-r-v-a-r-o-n-g-a-d-k-v-a-r-t-s-i-g-a\/"},"modified":"2025-02-17T13:08:42","modified_gmt":"2025-02-17T13:08:42","slug":"korvarongad-kvartsiga","status":"publish","type":"product","link":"https:\/\/platvorm.karjaariklubi.eu\/et\/shop\/korvarongad-kvartsiga\/","title":{"rendered":"K\u00f5rvar\u00f5ngad kvartsiga"},"content":{"rendered":"<p><b>Armas Naine, <\/b><span style=\"font-weight: 400;\">kogu s\u00fcdamest ait\u00e4h, et Sa oled meile muusaks, inspiratsiooniks ja imeliseks peegliks! Sa oled k\u00fcsinud ja me saame r\u00f5\u00f5muga vastata!<\/span><\/p>\n<p><span style=\"font-weight: 400;\">Palun saa tuttavaks uusimate pisikeste imedega meie valikus - kerged, lendlevad, \u00f5rnad, kaunid ja \u00fcdini naiselikud ehted. Need ehted on disainitud unikaalsena ja loodud sobivates toonides voolavalt m\u00e4ngima koos LUMM wear maagiliste r\u00f5ivastega ning flirtimaks \u00f5hulise aktsendina nii pidulikuma kui igap\u00e4evase outfiti juures.<\/span><\/p>\n<p style=\"font-weight: 400;\">V\u00e4\u00e4riskivid on kvarts. 18k kullatud ehtedetailid. K\u00f5rvar\u00f5ngaste pikkus koos konksuga on 5cm. \u00dche k\u00f5rvar\u00f5nga kaal on 4,4 grammi.<\/p>","protected":false},"excerpt":{"rendered":"<p>Dear Woman, from the bottom of our hearts, thank you for being our muse, inspiration, and a beautiful mirror! You asked, and we are delighted to respond with joy! Please meet the latest little wonders in our collection \u2013 lightweight, delicate, graceful, and utterly feminine jewelry. These pieces are designed to be unique and crafted in harmonious tones that flow beautifully with LUMM Wear\u2019s magical garments. They also add an airy accent to both formal and everyday outfits. The gemstones are quartz. 18k gold-plated jewelry details. The length of the earrings including the hook is 5cm. The weight of one earring is 4.4 grams.<\/p>","protected":false},"featured_media":34013,"comment_status":"closed","ping_status":"closed","template":"","meta":[],"product_brand":[],"product_cat":[250],"product_tag":[],"class_list":{"0":"post-34360","1":"product","2":"type-product","3":"status-publish","4":"has-post-thumbnail","6":"product_cat-powerful-jewelries","8":"first","9":"instock","10":"sold-individually","11":"purchasable","12":"product-type-simple"},"_links":{"self":[{"href":"https:\/\/platvorm.karjaariklubi.eu\/et\/wp-json\/wp\/v2\/product\/34360","targetHints":{"allow":["GET"]}}],"collection":[{"href":"https:\/\/platvorm.karjaariklubi.eu\/et\/wp-json\/wp\/v2\/product"}],"about":[{"href":"https:\/\/platvorm.karjaariklubi.eu\/et\/wp-json\/wp\/v2\/types\/product"}],"replies":[{"embeddable":true,"href":"https:\/\/platvorm.karjaariklubi.eu\/et\/wp-json\/wp\/v2\/comments?post=34360"}],"version-history":[{"count":5,"href":"https:\/\/platvorm.karjaariklubi.eu\/et\/wp-json\/wp\/v2\/product\/34360\/revisions"}],"predecessor-version":[{"id":35039,"href":"https:\/\/platvorm.karjaariklubi.eu\/et\/wp-json\/wp\/v2\/product\/34360\/revisions\/35039"}],"wp:featuredmedia":[{"embeddable":true,"href":"https:\/\/platvorm.karjaariklubi.eu\/et\/wp-json\/wp\/v2\/media\/34013"}],"wp:attachment":[{"href":"https:\/\/platvorm.karjaariklubi.eu\/et\/wp-json\/wp\/v2\/media?parent=34360"}],"wp:term":[{"taxonomy":"product_brand","embeddable":true,"href":"https:\/\/platvorm.karjaariklubi.eu\/et\/wp-json\/wp\/v2\/product_brand?post=34360"},{"taxonomy":"product_cat","embeddable":true,"href":"https:\/\/platvorm.karjaariklubi.eu\/et\/wp-json\/wp\/v2\/product_cat?post=34360"},{"taxonomy":"product_tag","embeddable":true,"href":"https:\/\/platvorm.karjaariklubi.eu\/et\/wp-json\/wp\/v2\/product_tag?post=34360"}],"curies":[{"name":"wp","href":"https:\/\/api.w.org\/{rel}","templated":true}]}}