{"id":34390,"date":"2024-12-09T11:11:33","date_gmt":"2024-12-09T11:11:33","guid":{"rendered":"https:\/\/platvorm.karjaariklubi.eu\/refund_returns-3\/uncategorized\/l-i-g-h-t-h-o-l-s-t\/"},"modified":"2025-01-07T14:23:38","modified_gmt":"2025-01-07T14:23:38","slug":"light-holst","status":"publish","type":"product","link":"https:\/\/platvorm.karjaariklubi.eu\/et\/shop\/light-holst\/","title":{"rendered":"Light h\u00f5lst"},"content":{"rendered":"<p>LUMM wear maagilised h\u00f5lstid on universaalsed ja loodud v\u00e4lja tooma iga naise isikup\u00e4ra. \u00d5huliselt h\u00f5ljuv h\u00f5lst sobib kandmiseks nii eraldi kleidina kui p\u00f5neva lisandina lemmikriiete peal. See mugav ja lendlev riideese toetab ja v\u00f5imendab samal ajal nii kandja naiselikku v\u00e4ge ja \u00f5rnust kui ka tema tugevust ja karakterit. H\u00f5lst on tulnud toetama Sind, armas naine, just sellena kes Sa hetkel oled. Kui oled parimas \u00fchenduses oma v\u00e4ega, lehvib h\u00f5lst uhkelt ja v\u00e4gevalt v\u00f5imendades v\u00e4gevust, mida v\u00e4lja kiirgad. Kui oled kohas, kus valid hoida end pigem pehmelt kasvamises, aitab h\u00f5lst luua turvalise kaitsekihi, milles saad kergusega m\u00f5nuleda. Tootel on m\u00f5nusad taskud Sinu armsate k\u00e4te ja oluliste asjade jaoks. Vali endale p\u00e4ris oma h\u00f5ljuv h\u00f5lst LUMM wear valikust!<\/p>\n<p>Universaalne suurus, sobides S\/L<br \/>\nAinueksemplar<br \/>\nM\u00f5\u00f5dud:<br \/>\n\u00dcldpikkus: 130 cm<br \/>\nRinna\u00fcmberm\u00f5\u00f5t: 100 cm<br \/>\nMaterjal: 100% kunstkiud<br \/>\nHooldus: 30 C \u00f5rn masinpesu<\/p>","protected":false},"excerpt":{"rendered":"<p>LUMM wear maagilised h\u00f5lstid on universaalsed ja loodud v\u00e4lja tooma iga naise isikup\u00e4ra. \u00d5huliselt h\u00f5ljuv h\u00f5lst sobib kandmiseks nii eraldi kleidina kui p\u00f5neva lisandina lemmikriiete peal. See mugav ja lendlev riideese toetab ja v\u00f5imendab samal ajal nii kandja naiselikku v\u00e4ge ja \u00f5rnust kui ka tema tugevust ja karakterit. H\u00f5lst on tulnud toetama Sind, armas naine, just sellena kes Sa hetkel oled. Kui oled parimas \u00fchenduses oma v\u00e4ega, lehvib h\u00f5lst uhkelt ja v\u00e4gevalt v\u00f5imendades v\u00e4gevust, mida v\u00e4lja kiirgad. Kui oled kohas, kus valid hoida end pigem pehmelt kasvamises, aitab h\u00f5lst luua turvalise kaitsekihi, milles saad kergusega m\u00f5nuleda. Tootel on m\u00f5nusad taskud Sinu armsate k\u00e4te ja oluliste asjade jaoks. Vali endale p\u00e4ris oma h\u00f5ljuv h\u00f5lst LUMM wear valikust! Universaalne suurus, sobides S\/L Ainueksemplar M\u00f5\u00f5dud: \u00dcldpikkus: 130 cm Rinna\u00fcmberm\u00f5\u00f5t: 100 cm Materjal: 100% kunstkiud Hooldus: 30 C \u00f5rn masinpesu<\/p>","protected":false},"featured_media":34575,"comment_status":"closed","ping_status":"closed","template":"","meta":[],"product_brand":[],"product_cat":[247],"product_tag":[],"class_list":{"0":"post-34390","1":"product","2":"type-product","3":"status-publish","4":"has-post-thumbnail","6":"product_cat-fairy-dresses","8":"first","9":"instock","10":"sale","11":"sold-individually","12":"purchasable","13":"product-type-simple"},"_links":{"self":[{"href":"https:\/\/platvorm.karjaariklubi.eu\/et\/wp-json\/wp\/v2\/product\/34390","targetHints":{"allow":["GET"]}}],"collection":[{"href":"https:\/\/platvorm.karjaariklubi.eu\/et\/wp-json\/wp\/v2\/product"}],"about":[{"href":"https:\/\/platvorm.karjaariklubi.eu\/et\/wp-json\/wp\/v2\/types\/product"}],"replies":[{"embeddable":true,"href":"https:\/\/platvorm.karjaariklubi.eu\/et\/wp-json\/wp\/v2\/comments?post=34390"}],"version-history":[{"count":5,"href":"https:\/\/platvorm.karjaariklubi.eu\/et\/wp-json\/wp\/v2\/product\/34390\/revisions"}],"predecessor-version":[{"id":34918,"href":"https:\/\/platvorm.karjaariklubi.eu\/et\/wp-json\/wp\/v2\/product\/34390\/revisions\/34918"}],"wp:featuredmedia":[{"embeddable":true,"href":"https:\/\/platvorm.karjaariklubi.eu\/et\/wp-json\/wp\/v2\/media\/34575"}],"wp:attachment":[{"href":"https:\/\/platvorm.karjaariklubi.eu\/et\/wp-json\/wp\/v2\/media?parent=34390"}],"wp:term":[{"taxonomy":"product_brand","embeddable":true,"href":"https:\/\/platvorm.karjaariklubi.eu\/et\/wp-json\/wp\/v2\/product_brand?post=34390"},{"taxonomy":"product_cat","embeddable":true,"href":"https:\/\/platvorm.karjaariklubi.eu\/et\/wp-json\/wp\/v2\/product_cat?post=34390"},{"taxonomy":"product_tag","embeddable":true,"href":"https:\/\/platvorm.karjaariklubi.eu\/et\/wp-json\/wp\/v2\/product_tag?post=34390"}],"curies":[{"name":"wp","href":"https:\/\/api.w.org\/{rel}","templated":true}]}}