{"id":34430,"date":"2024-12-09T11:12:04","date_gmt":"2024-12-09T11:12:04","guid":{"rendered":"https:\/\/platvorm.karjaariklubi.eu\/refund_returns-3\/uncategorized\/t-r-i-b-a-l-k-i-m-o-n-o\/"},"modified":"2025-02-17T11:42:00","modified_gmt":"2025-02-17T11:42:00","slug":"tribal-kimono","status":"publish","type":"product","link":"https:\/\/platvorm.karjaariklubi.eu\/et\/shop\/tribal-kimono\/","title":{"rendered":"Tribal kimono"},"content":{"rendered":"<p><b>LUMM Weari k\u00fctkestav kimono<\/b><\/p>\n<p><span style=\"font-weight: 400;\">LUMM Wear pilkup\u00fc\u00fcdev kimono troonib aegumatuna elegantse naise garderoobis, sulandudes harmooniliselt Sinu teiste lemmikr\u00f5ivastega. Kaunis oman\u00e4oline kimono on muhedalt m\u00f5nus p\u00fckstega kandmiseks ja s\u00e4ravaks t\u00e4ienduseks erinevatele riidekomplektidele. Meie kimono kaunis lisakiht ja minimalistlik l\u00f5ige kutsuvad oma unikaalsuses endale t\u00e4naval j\u00e4rele vaatama, luues oma veetleva kandja \u00fcmber veelgi rohkem salap\u00e4rasuse maagilist loori. Vali endale kaunis kimono LUMM wear valikust!<\/span><span style=\"font-weight: 400;\"><br \/>\n<\/span><span style=\"font-weight: 400;\"><br \/>\n<\/span><b>Universaalne suurus<\/b><span style=\"font-weight: 400;\"> sobides XS-L.<\/span><span style=\"font-weight: 400;\"><br \/>\n<\/span><b>Ainueksemplar<\/b><b><br \/>\n<\/b><b>M\u00f5\u00f5dud:<\/b><b><br \/>\n<\/b><span style=\"font-weight: 400;\">\u00dcldpikkus: 115 cm<\/span><span style=\"font-weight: 400;\"><br \/>\n<\/span><span style=\"font-weight: 400;\">Rinna\u00fcmberm\u00f5\u00f5t: 120 cm<\/span><span style=\"font-weight: 400;\"><br \/>\n<\/span><b>Materjal:<\/b><span style=\"font-weight: 400;\"> 100% kunstkiud<\/span><span style=\"font-weight: 400;\"><br \/>\n<\/span><b>Hooldus:<\/b><span style=\"font-weight: 400;\"> 30 C \u00f5rn masinpesu<\/span><\/p>","protected":false},"excerpt":{"rendered":"<p>LUMM Wear&#8217;s Captivating Kimono The captivating kimono from LUMM Wear stands timeless in the wardrobe of an elegant woman, blending harmoniously with your other favorite garments. This beautifully distinctive kimono is delightfully comfortable to wear with trousers and serves as a stunning complement to various outfits. Its unique layering and minimalist cut invite admiring glances, creating an even more magical veil of mystery around its enchanting wearer. Choose a beautiful kimono from the LUMM Wear collection! Universal Size: Fits XS-L One-of-a-Kind Piece Measurements: Total length: 115 cm Bust circumference: 120 cm Material: 100% Synthetic Fiber Care: Gentle machine wash at 30\u00b0C<\/p>","protected":false},"featured_media":34047,"comment_status":"closed","ping_status":"closed","template":"","meta":[],"product_brand":[],"product_cat":[246],"product_tag":[],"class_list":{"0":"post-34430","1":"product","2":"type-product","3":"status-publish","4":"has-post-thumbnail","6":"product_cat-kimonos","8":"first","9":"instock","10":"sale","11":"sold-individually","12":"purchasable","13":"product-type-simple"},"_links":{"self":[{"href":"https:\/\/platvorm.karjaariklubi.eu\/et\/wp-json\/wp\/v2\/product\/34430","targetHints":{"allow":["GET"]}}],"collection":[{"href":"https:\/\/platvorm.karjaariklubi.eu\/et\/wp-json\/wp\/v2\/product"}],"about":[{"href":"https:\/\/platvorm.karjaariklubi.eu\/et\/wp-json\/wp\/v2\/types\/product"}],"replies":[{"embeddable":true,"href":"https:\/\/platvorm.karjaariklubi.eu\/et\/wp-json\/wp\/v2\/comments?post=34430"}],"version-history":[{"count":5,"href":"https:\/\/platvorm.karjaariklubi.eu\/et\/wp-json\/wp\/v2\/product\/34430\/revisions"}],"predecessor-version":[{"id":34982,"href":"https:\/\/platvorm.karjaariklubi.eu\/et\/wp-json\/wp\/v2\/product\/34430\/revisions\/34982"}],"wp:featuredmedia":[{"embeddable":true,"href":"https:\/\/platvorm.karjaariklubi.eu\/et\/wp-json\/wp\/v2\/media\/34047"}],"wp:attachment":[{"href":"https:\/\/platvorm.karjaariklubi.eu\/et\/wp-json\/wp\/v2\/media?parent=34430"}],"wp:term":[{"taxonomy":"product_brand","embeddable":true,"href":"https:\/\/platvorm.karjaariklubi.eu\/et\/wp-json\/wp\/v2\/product_brand?post=34430"},{"taxonomy":"product_cat","embeddable":true,"href":"https:\/\/platvorm.karjaariklubi.eu\/et\/wp-json\/wp\/v2\/product_cat?post=34430"},{"taxonomy":"product_tag","embeddable":true,"href":"https:\/\/platvorm.karjaariklubi.eu\/et\/wp-json\/wp\/v2\/product_tag?post=34430"}],"curies":[{"name":"wp","href":"https:\/\/api.w.org\/{rel}","templated":true}]}}