{"id":34438,"date":"2024-12-09T11:12:20","date_gmt":"2024-12-09T11:12:20","guid":{"rendered":"https:\/\/platvorm.karjaariklubi.eu\/refund_returns-3\/uncategorized\/h-e-l-e-r-o-o-s-a-j-u-m-a-l-a-n-n-a-k-l-e-i-t\/"},"modified":"2025-02-17T13:30:30","modified_gmt":"2025-02-17T13:30:30","slug":"heleroosa-jumalanna-kleit","status":"publish","type":"product","link":"https:\/\/platvorm.karjaariklubi.eu\/et\/shop\/heleroosa-jumalanna-kleit\/","title":{"rendered":"Heleroosa jumalanna kleit"},"content":{"rendered":"<p>LUMM Wear heledad kleidid on oman\u00e4olised ja hellitavad oma kandja \u00f5rna nahka mugavate looduslike materjalidega. Meie kleidid on ainulaadsed ja flirdivad kelmikalt oma volangide, narmaste ja individuaalsete l\u00f5igetega. Kleitidel on kenad taskud kallite k\u00e4te ja t\u00e4htsate asjade jaoks. Kleit on ideaalne osa r\u00f5ivakomplektist, mida kanda oma lendava salli ja muude maagiliste LUMM-i r\u00f5ivaesemete all kodus, t\u00e4naval, tantsup\u00f5randal ja olulistel hetkedel igas olukorras. Vali LUMMi kandevalikust ilus kleit!<\/p>\n<p>Suurus S\/M<br \/>\nMaterjal: jersey, 95% puuvill, 5% elastaan<\/p>","protected":false},"excerpt":{"rendered":"<p>LUMM wear light dresses are distinctive and pamper the delicate skin of their wearer with comfortable natural materials. Our dresses are unique and flirt slyly with their ruffles, fringes and individual cuts. The dresses have nice pockets for your precious hands and important things. The dress is an ideal part of a clothing set to wear under your flying scarf and other magical LUMM clothing items at home, on the street, on the dance floor and in important moments in any situation. Choose a beautiful dress from the LUMM wear selection! Size S\/M Material: jersey, 95% cotton, 5% elastane<\/p>","protected":false},"featured_media":34581,"comment_status":"closed","ping_status":"closed","template":"","meta":[],"product_brand":[],"product_cat":[249],"product_tag":[],"class_list":{"0":"post-34438","1":"product","2":"type-product","3":"status-publish","4":"has-post-thumbnail","6":"product_cat-dresses","8":"first","9":"instock","10":"sale","11":"sold-individually","12":"purchasable","13":"product-type-simple"},"_links":{"self":[{"href":"https:\/\/platvorm.karjaariklubi.eu\/et\/wp-json\/wp\/v2\/product\/34438","targetHints":{"allow":["GET"]}}],"collection":[{"href":"https:\/\/platvorm.karjaariklubi.eu\/et\/wp-json\/wp\/v2\/product"}],"about":[{"href":"https:\/\/platvorm.karjaariklubi.eu\/et\/wp-json\/wp\/v2\/types\/product"}],"replies":[{"embeddable":true,"href":"https:\/\/platvorm.karjaariklubi.eu\/et\/wp-json\/wp\/v2\/comments?post=34438"}],"version-history":[{"count":6,"href":"https:\/\/platvorm.karjaariklubi.eu\/et\/wp-json\/wp\/v2\/product\/34438\/revisions"}],"predecessor-version":[{"id":35061,"href":"https:\/\/platvorm.karjaariklubi.eu\/et\/wp-json\/wp\/v2\/product\/34438\/revisions\/35061"}],"wp:featuredmedia":[{"embeddable":true,"href":"https:\/\/platvorm.karjaariklubi.eu\/et\/wp-json\/wp\/v2\/media\/34581"}],"wp:attachment":[{"href":"https:\/\/platvorm.karjaariklubi.eu\/et\/wp-json\/wp\/v2\/media?parent=34438"}],"wp:term":[{"taxonomy":"product_brand","embeddable":true,"href":"https:\/\/platvorm.karjaariklubi.eu\/et\/wp-json\/wp\/v2\/product_brand?post=34438"},{"taxonomy":"product_cat","embeddable":true,"href":"https:\/\/platvorm.karjaariklubi.eu\/et\/wp-json\/wp\/v2\/product_cat?post=34438"},{"taxonomy":"product_tag","embeddable":true,"href":"https:\/\/platvorm.karjaariklubi.eu\/et\/wp-json\/wp\/v2\/product_tag?post=34438"}],"curies":[{"name":"wp","href":"https:\/\/api.w.org\/{rel}","templated":true}]}}